{"id":8,"date":"2014-12-02T21:43:20","date_gmt":"2014-12-02T21:43:20","guid":{"rendered":"https:\/\/2015.edinburgh.wordcamp.org\/sponsors\/"},"modified":"2015-11-19T23:04:01","modified_gmt":"2015-11-19T23:04:01","slug":"sponsors","status":"publish","type":"page","link":"https:\/\/edinburgh.wordcamp.org\/2015\/sponsors\/","title":{"rendered":"Sponsors"},"content":{"rendered":"<p>Let\u2019s give a round of applause for all of our amazing sponsors. WordCamp Edinburgh 2015 would not be possible without them.<\/p>\n\n\t<div class=\"wcorg-sponsors\">\n\t\t\n\t\t\t<div class=\"wcorg-sponsor-level-venue-sponsor\">\n\t\t\t\t<h2>Venue Sponsor<\/h2>\n\n\t\t\t\t\n\t\t\t\t\t<div id=\"wcorg-sponsor-787\" class=\"wcorg-sponsor\">\n\t\t\t\t\t\t\t\t\t\t\t\t\t\t\t\t\t\t\t\t\t<h3>\n\t\t\t\t\t\t\t\t\tSkyScanner\t\t\t\t\t\t\t\t<\/h3>\n\t\t\t\t\t\t\t\t\t\t\t\t\t\n\t\t\t\t\t\t<div class=\"wcorg-sponsor-description\">\n\t\t\t\t\t\t\t\t\t\t\t\t\t\t\t<img loading=\"lazy\" decoding=\"async\" width=\"482\" height=\"146\" src=\"https:\/\/edinburgh.wordcamp.org\/2015\/files\/2015\/11\/skyscanner.png\" class=\"attachment-wcb-sponsor-logo-horizontal-2x size-wcb-sponsor-logo-horizontal-2x wp-post-image\" alt=\"SkyScanner\" srcset=\"https:\/\/edinburgh.wordcamp.org\/2015\/files\/2015\/11\/skyscanner.png 482w, https:\/\/edinburgh.wordcamp.org\/2015\/files\/2015\/11\/skyscanner-300x91.png 300w\" sizes=\"auto, (max-width: 482px) 100vw, 482px\" \/>\t\t\t\t\t\t\t\n\t\t\t\t\t\t\t\t\t\t\t\t\t\t\t<p style=\"text-align: center\"><a href=\"http:\/\/www.skyscanner.net\/\" target=\"_blank\" rel=\"nofollow\">http:\/\/www.skyscanner.net<\/a><\/p>\n\t\t\t\t\t\t\t\t\t\t\t\t\t<\/div>\n\t\t\t\t\t<\/div><!-- #sponsor -->\n\t\t\t\t\t\t\t<\/div><!-- .wcorg-sponsor-level -->\n\t\t\n\t\t\t<div class=\"wcorg-sponsor-level-wordcamp-accomplice\">\n\t\t\t\t<h2>Global: Outstanding<\/h2>\n\n\t\t\t\t\n\t\t\t\t\t<div id=\"wcorg-sponsor-155\" class=\"wcorg-sponsor\">\n\t\t\t\t\t\t\t\t\t\t\t\t\t\t\t\t\t\t\t\t\t<h3>\n\t\t\t\t\t\t\t\t\tJetpack\t\t\t\t\t\t\t\t<\/h3>\n\t\t\t\t\t\t\t\t\t\t\t\t\t\n\t\t\t\t\t\t<div class=\"wcorg-sponsor-description\">\n\t\t\t\t\t\t\t\t\t\t\t\t\t\t\t<img loading=\"lazy\" decoding=\"async\" width=\"624\" height=\"131\" src=\"https:\/\/edinburgh.wordcamp.org\/2015\/files\/2015\/08\/JetPack-624x131.png\" class=\"attachment-wcb-sponsor-logo-horizontal-2x size-wcb-sponsor-logo-horizontal-2x wp-post-image\" alt=\"Jetpack\" srcset=\"https:\/\/edinburgh.wordcamp.org\/2015\/files\/2015\/08\/JetPack-624x131.png 624w, https:\/\/edinburgh.wordcamp.org\/2015\/files\/2015\/08\/JetPack-624x131-300x63.png 300w, https:\/\/edinburgh.wordcamp.org\/2015\/files\/2015\/08\/JetPack-624x131-500x105.png 500w\" sizes=\"auto, (max-width: 624px) 100vw, 624px\" \/>\t\t\t\t\t\t\t\n\t\t\t\t\t\t\t\t\t\t\t\t\t\t\t<p>Jetpack is a free WordPress plugin that simplifies managing your sites by connecting to <a href=\"http:\/\/wordpress.com\/\" target=\"_blank\" rel=\"nofollow\">WordPress.com<\/a>. This connection enables Photon (global CDN for images), uptime monitoring, brute force protection, traffic-boosting tools, single sign on, multiple site management, and automatic or bulk plugin updates. Additionally Jetpack includes several features that help you customize the look-and-feel of your site without needing extra plugins. More information can be found at <a href=\"http:\/\/jetpack.me\" target=\"_blank\" rel=\"nofollow\">jetpack.me<\/a><\/p>\n\t\t\t\t\t\t\t\t\t\t\t\t\t<\/div>\n\t\t\t\t\t<\/div><!-- #sponsor -->\n\t\t\t\t\t\t\t<\/div><!-- .wcorg-sponsor-level -->\n\t\t\n\t\t\t<div class=\"wcorg-sponsor-level-wordcamp-champion\">\n\t\t\t\t<h2>Global: Superb<\/h2>\n\n\t\t\t\t\n\t\t\t\t\t<div id=\"wcorg-sponsor-20\" class=\"wcorg-sponsor\">\n\t\t\t\t\t\t\t\t\t\t\t\t\t\t\t\t\t\t\t\t\t<h3>\n\t\t\t\t\t\t\t\t\tBluehost\t\t\t\t\t\t\t\t<\/h3>\n\t\t\t\t\t\t\t\t\t\t\t\t\t\n\t\t\t\t\t\t<div class=\"wcorg-sponsor-description\">\n\t\t\t\t\t\t\t\t\t\t\t\t\t\t\t<img loading=\"lazy\" decoding=\"async\" width=\"624\" height=\"131\" src=\"https:\/\/edinburgh.wordcamp.org\/2015\/files\/2015\/08\/bluehost-624x131.png\" class=\"attachment-wcb-sponsor-logo-horizontal-2x size-wcb-sponsor-logo-horizontal-2x wp-post-image\" alt=\"Bluehost\" srcset=\"https:\/\/edinburgh.wordcamp.org\/2015\/files\/2015\/08\/bluehost-624x131.png 624w, https:\/\/edinburgh.wordcamp.org\/2015\/files\/2015\/08\/bluehost-624x131-300x63.png 300w, https:\/\/edinburgh.wordcamp.org\/2015\/files\/2015\/08\/bluehost-624x131-500x105.png 500w\" sizes=\"auto, (max-width: 624px) 100vw, 624px\" \/>\t\t\t\t\t\t\t\n\t\t\t\t\t\t\t\t\t\t\t\t\t\t\t<p><a href=\"http:\/\/bluehost.com\" rel=\"nofollow\">Bluehost<\/a> has been a WordPress partner since 2005 and powers over one million WordPress sites. Their goal is to provide outstanding hosting services and customer support for the best possible price. Bluehost is also constantly innovating and upgrading their services and infrastructure at no additional cost to their customers. You can join the millions of other website owners that have already chosen Bluehost and see how they can help you with your site.<\/p>\n\t\t\t\t\t\t\t\t\t\t\t\t\t<\/div>\n\t\t\t\t\t<\/div><!-- #sponsor -->\n\t\t\t\t\n\t\t\t\t\t<div id=\"wcorg-sponsor-106\" class=\"wcorg-sponsor\">\n\t\t\t\t\t\t\t\t\t\t\t\t\t\t\t\t\t\t\t\t\t<h3>\n\t\t\t\t\t\t\t\t\tGoDaddy\t\t\t\t\t\t\t\t<\/h3>\n\t\t\t\t\t\t\t\t\t\t\t\t\t\n\t\t\t\t\t\t<div class=\"wcorg-sponsor-description\">\n\t\t\t\t\t\t\t\t\t\t\t\t\t\t\t<img loading=\"lazy\" decoding=\"async\" width=\"300\" height=\"84\" src=\"https:\/\/edinburgh.wordcamp.org\/2015\/files\/2015\/08\/GoDaddyPro-300x84.png\" class=\"attachment-wcb-sponsor-logo-horizontal-2x size-wcb-sponsor-logo-horizontal-2x wp-post-image\" alt=\"GoDaddy\" \/>\t\t\t\t\t\t\t\n\t\t\t\t\t\t\t\t\t\t\t\t\t\t\t<p>GoDaddy\u2019s mission is to radically shift the global economy toward small businesses by empowering people to easily start, confidently grow and successfully run their own ventures. With more than 12 million customers worldwide and 57 million domain names under management, GoDaddy gives small business owners the tools to name their idea, build a beautiful online presence, attract customers and manage their business.<\/p>\n\t\t\t\t\t\t\t\t\t\t\t\t\t<\/div>\n\t\t\t\t\t<\/div><!-- #sponsor -->\n\t\t\t\t\n\t\t\t\t\t<div id=\"wcorg-sponsor-157\" class=\"wcorg-sponsor\">\n\t\t\t\t\t\t\t\t\t\t\t\t\t\t\t\t\t\t\t\t\t<h3>\n\t\t\t\t\t\t\t\t\tPlanetHoster\t\t\t\t\t\t\t\t<\/h3>\n\t\t\t\t\t\t\t\t\t\t\t\t\t\n\t\t\t\t\t\t<div class=\"wcorg-sponsor-description\">\n\t\t\t\t\t\t\t\t\t\t\t\t\t\t\t<img loading=\"lazy\" decoding=\"async\" width=\"326\" height=\"101\" src=\"https:\/\/edinburgh.wordcamp.org\/2015\/files\/2015\/08\/planethoster-WEB-326x101.png\" class=\"attachment-wcb-sponsor-logo-horizontal-2x size-wcb-sponsor-logo-horizontal-2x wp-post-image\" alt=\"PlanetHoster\" srcset=\"https:\/\/edinburgh.wordcamp.org\/2015\/files\/2015\/08\/planethoster-WEB-326x101.png 326w, https:\/\/edinburgh.wordcamp.org\/2015\/files\/2015\/08\/planethoster-WEB-326x101-300x93.png 300w\" sizes=\"auto, (max-width: 326px) 100vw, 326px\" \/>\t\t\t\t\t\t\t\n\t\t\t\t\t\t\t\t\t\t\t\t\t\t\t<p>PlanetHoster offers premium hosting solutions to WordPress users worldwide. Whether it\u2019s shared hosting, managed VPS, dedicated servers and much more, PlanetHoster\u2019s customers report that these affordable, feature-packed hosting solutions exceed their expectations. Their certified engineers are very experienced with WordPress. They work hard to assure that your WordPress site will run very fast and will be hosted in a secure, 24\/7 monitored environment. If you want to offer the best latency to your visitors by being hosted whether in Europe or in North America, PlanetHoster might be right for you.<\/p>\n<p>PlanetHoster offre aux utilisateurs de WordPress partout dans le monde des solutions d\u2019h\u00e9bergement web premium. Que ce soit de l\u2019H\u00e9bergement Mutualis\u00e9, des Serveurs Cloud, des Serveurs D\u00e9di\u00e9s et bien plus, l\u2019H\u00e9bergement Web de PlanetHoster surpassera certainement vos attentes. Leurs techniciens certifi\u00e9s sont tr\u00e8s exp\u00e9riment\u00e9s avec WordPress. Vous pouvez \u00eatre assur\u00e9 que votre site web WordPress se chargera tr\u00e8s rapidement et sera h\u00e9berg\u00e9 dans un environnement s\u00e9curitaire &amp; surveill\u00e9 24\/7. Offrez la meilleure latence \u00e0 vos visiteurs en \u00e9tant h\u00e9berg\u00e9 en Europe (France) ou en Am\u00e9rique du Nord (Canada)!<br \/>\nPlanetHoster, Host Your World.<\/p>\n\t\t\t\t\t\t\t\t\t\t\t\t\t<\/div>\n\t\t\t\t\t<\/div><!-- #sponsor -->\n\t\t\t\t\t\t\t<\/div><!-- .wcorg-sponsor-level -->\n\t\t\n\t\t\t<div class=\"wcorg-sponsor-level-wordcamp-pillar\">\n\t\t\t\t<h2>Global: Splendid<\/h2>\n\n\t\t\t\t\n\t\t\t\t\t<div id=\"wcorg-sponsor-19\" class=\"wcorg-sponsor\">\n\t\t\t\t\t\t\t\t\t\t\t\t\t\t\t\t\t\t\t\t\t<h3>\n\t\t\t\t\t\t\t\t\tWPML\t\t\t\t\t\t\t\t<\/h3>\n\t\t\t\t\t\t\t\t\t\t\t\t\t\n\t\t\t\t\t\t<div class=\"wcorg-sponsor-description\">\n\t\t\t\t\t\t\t\t\t\t\t\t\t\t\t<img loading=\"lazy\" decoding=\"async\" width=\"300\" height=\"75\" src=\"https:\/\/edinburgh.wordcamp.org\/2015\/files\/2014\/12\/wpml-tagline-lowres-wpcf_300x75.png\" class=\"attachment-wcb-sponsor-logo-horizontal-2x size-wcb-sponsor-logo-horizontal-2x wp-post-image\" alt=\"WPML\" \/>\t\t\t\t\t\t\t\n\t\t\t\t\t\t\t\t\t\t\t\t\t\t\t<p>WPML turns WordPress websites multilingual. It works with caching, SEO and E-Commerce plugins, and allows the building of complete multilingual sites. WPML powers simple blogs as well as corporate and enterprise sites.<\/p>\n<p>Toolset plugins allow you to develop WordPress sites without PHP. They work with any theme and with other plugins.<\/p>\n<p>OnTheGoSystems is always looking for exceptional people to join the team. To learn more about our products and open positions, visit:<\/p>\n<p><a href=\"http:\/\/www.onthegosystems.com\/\" target=\"_blank\" rel=\"nofollow\">http:\/\/www.onthegosystems.com\/<\/a><\/p>\n\t\t\t\t\t\t\t\t\t\t\t\t\t<\/div>\n\t\t\t\t\t<\/div><!-- #sponsor -->\n\t\t\t\t\t\t\t<\/div><!-- .wcorg-sponsor-level -->\n\t\t\n\t\t\t<div class=\"wcorg-sponsor-level-gold-sponsor\">\n\t\t\t\t<h2>The Castle<\/h2>\n\n\t\t\t\t\n\t\t\t\t\t<div id=\"wcorg-sponsor-656\" class=\"wcorg-sponsor\">\n\t\t\t\t\t\t\t\t\t\t\t\t\t\t\t\t\t\t\t\t\t<h3>\n\t\t\t\t\t\t\t\t\t34SP.com\t\t\t\t\t\t\t\t<\/h3>\n\t\t\t\t\t\t\t\t\t\t\t\t\t\n\t\t\t\t\t\t<div class=\"wcorg-sponsor-description\">\n\t\t\t\t\t\t\t\t\t\t\t\t\t\t\t<img loading=\"lazy\" decoding=\"async\" width=\"300\" height=\"250\" src=\"https:\/\/edinburgh.wordcamp.org\/2015\/files\/2015\/11\/34sp-logo.jpg\" class=\"attachment-wcb-sponsor-logo-horizontal-2x size-wcb-sponsor-logo-horizontal-2x wp-post-image\" alt=\"34SP.com\" \/>\t\t\t\t\t\t\t\n\t\t\t\t\t\t\t\t\t\t\t\t\t\t\t<p><a href=\"https:\/\/www.34sp.com\/\" target=\"_blank\" rel=\"nofollow\">34SP.com<\/a> is a unique WordPress Hosting provider based in Manchester. What separates 34SP.com from other hosting companies is their unwavering commitment to customers through Exceptional Service and Support.<\/p>\n<p>Founded in the year 2000, 34SP.com has been hosting WordPress accounts since the platform launched in 2003. They have developed a deep understanding of the specific needs of those using WordPress \u2013 indeed many of the team run their own sites powered by WordPress so should be able to help if you run into any difficulty.<\/p>\n<p>34SP.com has long been a strong supporter and sponsor of WordPress and local WordCamps throughout Europe. They are advocates of the Open Source movement and use Open Source code and resources in their own business and web hosting operations.<\/p>\n<p>If you are wondering exactly what types of WordPress sites are hosted with 34SP.com you can view a great gallery of a few of their customers\u2019 WordPress sample sites.<\/p>\n<p>In addition to WordPress hosting, 34SP.com is an accredited Nominet registrar and major UK vendor of domain names, including the recently introduced .uk domain names. Their hosting expertise covers the spectrum from shared hosting to business web hosting, to virtual and dedicated servers.<\/p>\n<p>To view actual customer comments on their levels of support and service you can read comments tweeted about 34SP.com on <a href=\"https:\/\/twitter.com\/34SP\" target=\"_blank\" rel=\"nofollow\">Twitter<\/a>.<\/p>\n<p>Their Website: <a href=\"https:\/\/www.34sp.com\" target=\"_blank\" rel=\"nofollow\">https:\/\/www.34sp.com\/<\/a><\/p>\n\t\t\t\t\t\t\t\t\t\t\t\t\t<\/div>\n\t\t\t\t\t<\/div><!-- #sponsor -->\n\t\t\t\t\n\t\t\t\t\t<div id=\"wcorg-sponsor-774\" class=\"wcorg-sponsor\">\n\t\t\t\t\t\t\t\t\t\t\t\t\t\t\t\t\t\t\t\t\t<h3>\n\t\t\t\t\t\t\t\t\tA Day of REST\t\t\t\t\t\t\t\t<\/h3>\n\t\t\t\t\t\t\t\t\t\t\t\t\t\n\t\t\t\t\t\t<div class=\"wcorg-sponsor-description\">\n\t\t\t\t\t\t\t\t\t\t\t\t\t\t\t<img loading=\"lazy\" decoding=\"async\" width=\"600\" height=\"285\" src=\"https:\/\/edinburgh.wordcamp.org\/2015\/files\/2015\/11\/ADOR_logo.png\" class=\"attachment-wcb-sponsor-logo-horizontal-2x size-wcb-sponsor-logo-horizontal-2x wp-post-image\" alt=\"A Day of REST\" srcset=\"https:\/\/edinburgh.wordcamp.org\/2015\/files\/2015\/11\/ADOR_logo.png 600w, https:\/\/edinburgh.wordcamp.org\/2015\/files\/2015\/11\/ADOR_logo-300x143.png 300w, https:\/\/edinburgh.wordcamp.org\/2015\/files\/2015\/11\/ADOR_logo-500x238.png 500w\" sizes=\"auto, (max-width: 600px) 100vw, 600px\" \/>\t\t\t\t\t\t\t\n\t\t\t\t\t\t\t\t\t\t\t\t\t\t\t<p>Brought to you by the organisers of WordCamp London and WordCamp Europe, A Day of REST is an event dedicated to the WordPress REST API. Nine speakers from the REST API development team and top companies that utilise the API will share their knowledge with you.<\/p>\n<p>The WordPress REST API is the next generation of WordPress, opening the platform up in brand new ways. It will get <a href=\"https:\/\/make.wordpress.org\/core\/2015\/10\/28\/rest-api-welcome-the-infrastructure-to-core\/\" target=\"_blank\" rel=\"nofollow\">officially merged into core in WordPress 4.4<\/a> on December 8th.<\/p>\n<p>Companies like WIRED, The New York Times, Fusion, Bocoup, Human Made, Modern Tribe and many others already use the WordPress REST API to build applications that retrieve information from WordPress, without touching a line of PHP.<\/p>\n<p>Find out about the possibilities of the WordPress REST API from the people making it, and from the people using it. Come to <a href=\"http:\/\/feelingrestful.com\/\" target=\"_blank\" rel=\"nofollow\">A Day of REST<\/a> on January 28th, 2016.<\/p>\n\t\t\t\t\t\t\t\t\t\t\t\t\t<\/div>\n\t\t\t\t\t<\/div><!-- #sponsor -->\n\t\t\t\t\t\t\t<\/div><!-- .wcorg-sponsor-level -->\n\t\t\n\t\t\t<div class=\"wcorg-sponsor-level-single-malt\">\n\t\t\t\t<h2>Single Malt<\/h2>\n\n\t\t\t\t\n\t\t\t\t\t<div id=\"wcorg-sponsor-665\" class=\"wcorg-sponsor\">\n\t\t\t\t\t\t\t\t\t\t\t\t\t\t\t\t\t\t\t\t\t<h3>\n\t\t\t\t\t\t\t\t\tTheme of the Crop\t\t\t\t\t\t\t\t<\/h3>\n\t\t\t\t\t\t\t\t\t\t\t\t\t\n\t\t\t\t\t\t<div class=\"wcorg-sponsor-description\">\n\t\t\t\t\t\t\t\t\t\t\t\t\t\t\t<img loading=\"lazy\" decoding=\"async\" width=\"200\" height=\"100\" src=\"https:\/\/edinburgh.wordcamp.org\/2015\/files\/2015\/11\/Theme-of-the-Crop-WordPress-Restaurant-Themes-Plugins.png\" class=\"attachment-wcb-sponsor-logo-horizontal-2x size-wcb-sponsor-logo-horizontal-2x wp-post-image\" alt=\"Theme of the Crop\" \/>\t\t\t\t\t\t\t\n\t\t\t\t\t\t\t\t\t\t\t\t\t\t\t<p style=\"text-align: center\"><a href=\"http:\/\/themeofthecrop.com\/\" rel=\"nofollow\">Theme of the Crop<\/a> &#8211; WordPress Restaurant Themes &amp; Plugins<\/p>\n\t\t\t\t\t\t\t\t\t\t\t\t\t<\/div>\n\t\t\t\t\t<\/div><!-- #sponsor -->\n\t\t\t\t\n\t\t\t\t\t<div id=\"wcorg-sponsor-671\" class=\"wcorg-sponsor\">\n\t\t\t\t\t\t\t\t\t\t\t\t\t\t\t\t\t\t\t\t\t<h3>\n\t\t\t\t\t\t\t\t\tElementary Digital\t\t\t\t\t\t\t\t<\/h3>\n\t\t\t\t\t\t\t\t\t\t\t\t\t\n\t\t\t\t\t\t<div class=\"wcorg-sponsor-description\">\n\t\t\t\t\t\t\t\t\t\t\t\t\t\t\t<img loading=\"lazy\" decoding=\"async\" width=\"200\" height=\"100\" src=\"https:\/\/edinburgh.wordcamp.org\/2015\/files\/2015\/11\/elementary.png\" class=\"attachment-wcb-sponsor-logo-horizontal-2x size-wcb-sponsor-logo-horizontal-2x wp-post-image\" alt=\"Elementary Digital\" \/>\t\t\t\t\t\t\t\n\t\t\t\t\t\t\t\t\t\t\t\t\t\t\t<p style=\"text-align: center\"><a href=\"https:\/\/www.elementarydigital.co.uk\/\" rel=\"nofollow\">Elementary Digital<\/a> &#8211; Award Winning Design Agency<\/p>\n\t\t\t\t\t\t\t\t\t\t\t\t\t<\/div>\n\t\t\t\t\t<\/div><!-- #sponsor -->\n\t\t\t\t\n\t\t\t\t\t<div id=\"wcorg-sponsor-678\" class=\"wcorg-sponsor\">\n\t\t\t\t\t\t\t\t\t\t\t\t\t\t\t\t\t\t\t\t\t<h3>\n\t\t\t\t\t\t\t\t\tEvent Organiser\t\t\t\t\t\t\t\t<\/h3>\n\t\t\t\t\t\t\t\t\t\t\t\t\t\n\t\t\t\t\t\t<div class=\"wcorg-sponsor-description\">\n\t\t\t\t\t\t\t\t\t\t\t\t\t\t\t<img loading=\"lazy\" decoding=\"async\" width=\"200\" height=\"100\" src=\"https:\/\/edinburgh.wordcamp.org\/2015\/files\/2015\/11\/Event-Organiser.png\" class=\"attachment-wcb-sponsor-logo-horizontal-2x size-wcb-sponsor-logo-horizontal-2x wp-post-image\" alt=\"Event Organiser\" \/>\t\t\t\t\t\t\t\n\t\t\t\t\t\t\t\t\t\t\t\t\t\t\t<p style=\"text-align: center\"><a href=\"http:\/\/wp-event-organiser.com\/wpcampedin15\/?aid=21\" rel=\"nofollow\">Event Organiser<\/a> &#8211; Event and Calendar plug-in for WordPress.<\/p>\n\t\t\t\t\t\t\t\t\t\t\t\t\t<\/div>\n\t\t\t\t\t<\/div><!-- #sponsor -->\n\t\t\t\t\n\t\t\t\t\t<div id=\"wcorg-sponsor-681\" class=\"wcorg-sponsor\">\n\t\t\t\t\t\t\t\t\t\t\t\t\t\t\t\t\t\t\t\t\t<h3>\n\t\t\t\t\t\t\t\t\tTemplate Express\t\t\t\t\t\t\t\t<\/h3>\n\t\t\t\t\t\t\t\t\t\t\t\t\t\n\t\t\t\t\t\t<div class=\"wcorg-sponsor-description\">\n\t\t\t\t\t\t\t\t\t\t\t\t\t\t\t<img loading=\"lazy\" decoding=\"async\" width=\"200\" height=\"100\" src=\"https:\/\/edinburgh.wordcamp.org\/2015\/files\/2015\/11\/template-express.jpg\" class=\"attachment-wcb-sponsor-logo-horizontal-2x size-wcb-sponsor-logo-horizontal-2x wp-post-image\" alt=\"Template Express\" \/>\t\t\t\t\t\t\t\n\t\t\t\t\t\t\t\t\t\t\t\t\t\t\t<p style=\"text-align: center\"><a href=\"http:\/\/www.templateexpress.com\/\" target=\"_blank\" rel=\"nofollow\">Template Express<\/a> &#8211; Responsive WordPress Themes.<\/p>\n\t\t\t\t\t\t\t\t\t\t\t\t\t<\/div>\n\t\t\t\t\t<\/div><!-- #sponsor -->\n\t\t\t\t\n\t\t\t\t\t<div id=\"wcorg-sponsor-685\" class=\"wcorg-sponsor\">\n\t\t\t\t\t\t\t\t\t\t\t\t\t\t\t\t\t\t\t\t\t<h3>\n\t\t\t\t\t\t\t\t\tEzone Interactive\t\t\t\t\t\t\t\t<\/h3>\n\t\t\t\t\t\t\t\t\t\t\t\t\t\n\t\t\t\t\t\t<div class=\"wcorg-sponsor-description\">\n\t\t\t\t\t\t\t\t\t\t\t\t\t\t\t<img loading=\"lazy\" decoding=\"async\" width=\"269\" height=\"60\" src=\"https:\/\/edinburgh.wordcamp.org\/2015\/files\/2015\/11\/Ezone.png\" class=\"attachment-wcb-sponsor-logo-horizontal-2x size-wcb-sponsor-logo-horizontal-2x wp-post-image\" alt=\"Ezone Interactive\" \/>\t\t\t\t\t\t\t\n\t\t\t\t\t\t\t\t\t\t\t\t\t\t\t<p><a href=\"http:\/\/ezoneinteractive.com\/\" rel=\"nofollow\">Ezone Interactive<\/a> &#8211; Edinburgh based WordPress Agency | Getting clients the return they need.<\/p>\n\t\t\t\t\t\t\t\t\t\t\t\t\t<\/div>\n\t\t\t\t\t<\/div><!-- #sponsor -->\n\t\t\t\t\n\t\t\t\t\t<div id=\"wcorg-sponsor-779\" class=\"wcorg-sponsor\">\n\t\t\t\t\t\t\t\t\t\t\t\t\t\t\t\t\t\t\t\t\t<h3>\n\t\t\t\t\t\t\t\t\tMake Do\t\t\t\t\t\t\t\t<\/h3>\n\t\t\t\t\t\t\t\t\t\t\t\t\t\n\t\t\t\t\t\t<div class=\"wcorg-sponsor-description\">\n\t\t\t\t\t\t\t\t\t\t\t\t\t\t\t<img loading=\"lazy\" decoding=\"async\" width=\"200\" height=\"82\" src=\"https:\/\/edinburgh.wordcamp.org\/2015\/files\/2015\/11\/Make-Do-2015.png\" class=\"attachment-wcb-sponsor-logo-horizontal-2x size-wcb-sponsor-logo-horizontal-2x wp-post-image\" alt=\"Make Do\" \/>\t\t\t\t\t\t\t\n\t\t\t\t\t\t\t\t\t\t\t\t\t\t\t<p style=\"text-align: center\"><a href=\"https:\/\/www.makedo.in\/\" rel=\"nofollow\">Make Do<\/a> &#8211; UK-based Creative WordPress Design &amp; Development Agency.<\/p>\n\t\t\t\t\t\t\t\t\t\t\t\t\t<\/div>\n\t\t\t\t\t<\/div><!-- #sponsor -->\n\t\t\t\t\n\t\t\t\t\t<div id=\"wcorg-sponsor-859\" class=\"wcorg-sponsor\">\n\t\t\t\t\t\t\t\t\t\t\t\t\t\t\t\t\t\t\t\t\t<h3>\n\t\t\t\t\t\t\t\t\tBest Host News\t\t\t\t\t\t\t\t<\/h3>\n\t\t\t\t\t\t\t\t\t\t\t\t\t\n\t\t\t\t\t\t<div class=\"wcorg-sponsor-description\">\n\t\t\t\t\t\t\t\t\t\t\t\t\t\t\t<img loading=\"lazy\" decoding=\"async\" width=\"250\" height=\"100\" src=\"https:\/\/edinburgh.wordcamp.org\/2015\/files\/2015\/11\/BHN-Logo-250px-lightbg.png\" class=\"attachment-wcb-sponsor-logo-horizontal-2x size-wcb-sponsor-logo-horizontal-2x wp-post-image\" alt=\"Best Host News\" \/>\t\t\t\t\t\t\t\n\t\t\t\t\t\t\t\t\t\t\t\t\t\t\t<p><a href=\"https:\/\/www.besthostnews.com\" target=\"_blank\" rel=\"nofollow\">Best Host News<\/a> &#8211; Hosting, SEO news, reviews and tutorials.<\/p>\n\t\t\t\t\t\t\t\t\t\t\t\t\t<\/div>\n\t\t\t\t\t<\/div><!-- #sponsor -->\n\t\t\t\t\t\t\t<\/div><!-- .wcorg-sponsor-level -->\n\t\t\t<\/div><!-- .wcorg-sponsors -->\n\n\t\n<h3 style=\"text-align: center\"><span class=\"sponsor\">The Wee Sponsors<\/span><\/h3>\n<p style=\"text-align: center\"><a href=\"http:\/\/WinningWP.com\" rel=\"nofollow\">WinningWP<\/a><br \/>\n<a href=\"http:\/\/graphics.coop\" rel=\"nofollow\">graphics.coop<br \/>\n<\/a><a href=\"http:\/\/www.moghill.co.uk\" rel=\"nofollow\">moghill.co.uk<\/a><br \/>\n<a href=\"https:\/\/www.connected-uk.com\/\" rel=\"nofollow\">connected-uk.com<\/a><\/p>\n","protected":false},"excerpt":{"rendered":"<p>Let\u2019s give a round of applause for all of our amazing sponsors. WordCamp Edinburgh 2015 would not be possible without them. The Wee Sponsors WinningWP graphics.coop moghill.co.uk connected-uk.com<\/p>\n","protected":false},"author":8048867,"featured_media":0,"parent":0,"menu_order":0,"comment_status":"open","ping_status":"open","template":"","meta":{"jetpack_post_was_ever_published":false,"footnotes":""},"class_list":["post-8","page","type-page","status-publish","hentry"],"jetpack_sharing_enabled":true,"jetpack_shortlink":"https:\/\/wp.me\/P5qo4k-8","_links":{"self":[{"href":"https:\/\/edinburgh.wordcamp.org\/2015\/wp-json\/wp\/v2\/pages\/8","targetHints":{"allow":["GET"]}}],"collection":[{"href":"https:\/\/edinburgh.wordcamp.org\/2015\/wp-json\/wp\/v2\/pages"}],"about":[{"href":"https:\/\/edinburgh.wordcamp.org\/2015\/wp-json\/wp\/v2\/types\/page"}],"author":[{"embeddable":true,"href":"https:\/\/edinburgh.wordcamp.org\/2015\/wp-json\/wp\/v2\/users\/8048867"}],"replies":[{"embeddable":true,"href":"https:\/\/edinburgh.wordcamp.org\/2015\/wp-json\/wp\/v2\/comments?post=8"}],"version-history":[{"count":35,"href":"https:\/\/edinburgh.wordcamp.org\/2015\/wp-json\/wp\/v2\/pages\/8\/revisions"}],"predecessor-version":[{"id":1048,"href":"https:\/\/edinburgh.wordcamp.org\/2015\/wp-json\/wp\/v2\/pages\/8\/revisions\/1048"}],"wp:attachment":[{"href":"https:\/\/edinburgh.wordcamp.org\/2015\/wp-json\/wp\/v2\/media?parent=8"}],"curies":[{"name":"wp","href":"https:\/\/api.w.org\/{rel}","templated":true}]}}